{"id":623,"date":"2026-02-12T01:59:32","date_gmt":"2026-02-12T01:59:32","guid":{"rendered":"https:\/\/magazinehaitiespoir.site\/?page_id=623"},"modified":"2026-02-17T02:27:29","modified_gmt":"2026-02-17T02:27:29","slug":"editorial","status":"publish","type":"page","link":"https:\/\/magazinehaitiespoir.site\/fr\/editorial\/","title":{"rendered":"\u00c9DITORIAL"},"content":{"rendered":"<h2 class=\"wp-block-heading has-text-align-center\"><strong>Ha\u00efti \/Communaut\u00e9 Internationale: la Troublante V\u00e9rit\u00e9 !<\/strong><\/h2>\n\n\n\n<div class=\"wp-block-group is-layout-constrained wp-block-group-is-layout-constrained\">\n<div class=\"wp-block-group is-layout-constrained wp-block-group-is-layout-constrained\">\n<p class=\"wp-block-paragraph\">L\u2018audition du Charg\u00e9 d\u2018Affaires des USA en Ha\u00efti, Ambassadeur Henry T. Wooster, et de l\u2018entrepreneur Austin K. Austin, par une sous-Commission du S\u00e9nat \u00e9tatsunien le Mardi 10 F\u00e9vrier 2026, \u00e9tait une affaire purement interne du Gouvernement F\u00e9d\u00e9ral des USA, m\u00eame si elle concernait directement Ha\u00efti. Le Parlement des Etats-Unis voulait s\u2018enqu\u00e9rir de :<\/p>\n\n\n\n<ul class=\"wp-block-list\">\n<li>l\u2018ampleur de la crise humanitaire et s\u00e9curitaire en Ha\u00efti ;<\/li>\n\n\n\n<li>ses cons\u00e9quences externes probables ; et<\/li>\n\n\n\n<li>ce que fait son Ex\u00e9cutif en Ha\u00efti, avec les ressources mat\u00e9rielles, financi\u00e8res et humaines provenant de son pays.<\/li>\n<\/ul>\n\n\n\n<p class=\"wp-block-paragraph\">En d\u2018autres circonstances, de tels d\u00e9bats seraient, \u00e0 juste titre, jug\u00e9s sinon inappropri\u00e9s, car la qu\u00eate de solutions aux probl\u00e8mes d\u2018Ha\u00efti, serait avant tout une initiative ha\u00eftienne, m\u00eame avec le soutien de la communaut\u00e9 internationale. Les \u00e9lites ha\u00eftiennes ont fait tant et si mal que ni les Ha\u00eftiens, ni l\u2018opinion mondiale ne croient plus en la bonne volont\u00e9 et la capacit\u00e9 ha\u00eftiennes \u00e0 r\u00e9soudre cette crise multidimensionnelle. Les ressources morales n\u2018en sont surtout pas au rendez-vous ! Un exemple : alors que le salaire annuel du Pr\u00e9sident des USA est de 400 mille dollars US, celui des 9 membres de l\u2018ex-Conseil Pr\u00e9sidentiel de Transition (CPT) avoisinait les 6 048 000 USD, soit plus de 15 fois ! Et pour quels r\u00e9sultats ?<\/p>\n\n\n\n<p class=\"wp-block-paragraph\">Dans leurs d\u00e9positions tant \u00e9crites que verbales, Wooster et Holmes ont t\u00e9moign\u00e9 sur la crise humanitaire et s\u00e9curitaire qui ravage la nation carib\u00e9enne en ce moment, et ont propos\u00e9 un cadre pratique pour une stabilisation \u00e0 long terme du pays et la gestion rapide de cette grave crise multiple qui a des r\u00e9percussions humanitaires et strat\u00e9giques pour les Etats-Unis et d\u2018autres pays de la r\u00e9gion, comme les Bahamas, la Jama\u00efque, le Mexique et certains pays de l\u2018Am\u00e9rique Centrale.<\/p>\n\n\n\n<p class=\"wp-block-paragraph\">D\u00e9j\u00e0 en R\u00e9publique Dominicaine, on se questionne sur l\u2018implication de la pr\u00e9sence de bateaux de guerre des USA dans les eaux de sa voisine Ha\u00efti. Tout comme les Dominicains se d\u00e9menaient et se d\u00e9m\u00e8nent encore pour g\u00e9rer, pas toujours dans les meilleures approches humanistes possibles, le flux de migrants ha\u00eftiens chass\u00e9s de leur pays en proie aux plus grandes d\u00e9tresses caus\u00e9es par l\u2018implosion totale de l\u2018appareil d\u2018Etat.<\/p>\n\n\n\n<p class=\"wp-block-paragraph\">Les inqui\u00e9tudes dominicaines rappellent qu\u2018en F\u00e9vrier 1821- il y a donc exactement 105 ans- la R\u00e9publique d\u2018Ha\u00efti s\u2018\u00e9tait dite oblig\u00e9e d\u2018intervenir et d\u2018annexer l\u2018ex- colonie espagnole pour garantir sa propre s\u00e9curit\u00e9 et libert\u00e9, car les habitants de l\u2018Est appelaient sur l\u2018\u00eele des pays esclavagistes comme l\u2018Espagne, la France, l\u2018Angleterre et les USA. \u00c0 l\u2018\u00e9poque Ha\u00efti, bien que deux fois moins vaste, y \u00e9tait la nation h\u00e9g\u00e9monique sur les plans militaire, politique et \u00e9conomique. Aujourd\u2018hui la roue a tourn\u00e9 : ce sont d\u00e9sormais les Dominicains les plus forts, et h\u00e9g\u00e9moniques. Mais, Dieu soit lou\u00e9, les forces \u00e9trang\u00e8res que la situation d\u00e9plorable d\u2018Ha\u00efti am\u00e8ne sur l\u2018\u00eele et dans les mers environnant ses voisins, ne sont pas hostiles \u00e0 la R\u00e9publique Dominicaine.<\/p>\n\n\n\n<p class=\"wp-block-paragraph\">Encore drap\u00e9s dans un nationalisme  mis\u00e9rabiliste, un patriotisme douteux au regard d\u2018actions plus \u00e9loquentes que les discours, et un souverainisme d\u00e9mod\u00e9, de nombreux compatriotes se sont rendus \u00e0 peine compte de l\u2018ampleur et des cons\u00e9quences incontournables du tort que deux si\u00e8cles d\u2018insouciance et de m\u00e9chancet\u00e9, ont caus\u00e9 au prestige ha\u00eftien h\u00e9rit\u00e9 de 1791 et 1804, et au bien-\u00eatre du peuple ha\u00eftien. N\u2018admirons&nbsp; plus,&nbsp;ne&nbsp; regardons&nbsp; plus,&nbsp;sans&nbsp; voir !<\/p>\n\n\n\n<p class=\"wp-block-paragraph\"><strong>Me. Jean H\u00e9noc Faroul, M.A<\/strong><\/p>\n\n\n\n<ul class=\"wp-block-list\">\n<li><em><strong>Maitre en Droit\/Relations Internationales,<\/strong><\/em><\/li>\n\n\n\n<li><em><strong>Licenci\u00e9 en Droit,<\/strong><\/em><\/li>\n\n\n\n<li><em><strong>Licenci\u00e9 en Communication Sociale,<\/strong><\/em><\/li>\n\n\n\n<li><em><strong>Certifi\u00e9 en Administration Publique,<\/strong><\/em><\/li>\n\n\n\n<li><em><strong>Certifi\u00e9 en Analyse de l\u2019Information (ONU, Norwegian Defence International Center, NODEFIC, Oslo, Norv\u00e8ge<\/strong><\/em><\/li>\n\n\n\n<li><em><strong>Certifi\u00e9 en Droits Humains (Universit\u00e9 du Pays Basque, Espagne),<\/strong><\/em><\/li>\n\n\n\n<li><em><strong>Journaliste de carri\u00e8re,<\/strong><\/em><\/li>\n\n\n\n<li><em><strong>Ancien fonctionnaire de l\u2019ONU,<\/strong><\/em><\/li>\n<\/ul>\n<\/div>\n\n\n\n<div class=\"wp-block-group is-layout-constrained wp-block-group-is-layout-constrained\">\n<p class=\"wp-block-paragraph\"><em><strong>Ancien cadre du Programme d\u2019Appui aux Partis Politiques du National Democratic Institute (NDI)<\/strong><\/em><\/p>\n<\/div>\n<\/div>","protected":false},"excerpt":{"rendered":"<p>Ha\u00efti \/Communaut\u00e9 Internationale: la Troublante V\u00e9rit\u00e9 ! L\u2018audition du Charg\u00e9 d\u2018Affaires des USA en Ha\u00efti, Ambassadeur Henry T. Wooster, et<\/p>","protected":false},"author":1,"featured_media":526,"parent":0,"menu_order":0,"comment_status":"closed","ping_status":"closed","template":"","meta":{"give_campaign_id":0,"colormag_page_container_layout":"default_layout","colormag_page_sidebar_layout":"default_layout","_crdt_document":"","om_disable_all_campaigns":false,"_monsterinsights_skip_tracking":false,"_monsterinsights_sitenote_active":false,"_monsterinsights_sitenote_note":"","_monsterinsights_sitenote_category":0,"_uf_show_specific_survey":0,"_uf_disable_surveys":false,"footnotes":""},"class_list":["post-623","page","type-page","status-publish","has-post-thumbnail","hentry"],"aioseo_notices":[],"campaignId":"","_links":{"self":[{"href":"https:\/\/magazinehaitiespoir.site\/fr\/wp-json\/wp\/v2\/pages\/623","targetHints":{"allow":["GET"]}}],"collection":[{"href":"https:\/\/magazinehaitiespoir.site\/fr\/wp-json\/wp\/v2\/pages"}],"about":[{"href":"https:\/\/magazinehaitiespoir.site\/fr\/wp-json\/wp\/v2\/types\/page"}],"author":[{"embeddable":true,"href":"https:\/\/magazinehaitiespoir.site\/fr\/wp-json\/wp\/v2\/users\/1"}],"replies":[{"embeddable":true,"href":"https:\/\/magazinehaitiespoir.site\/fr\/wp-json\/wp\/v2\/comments?post=623"}],"version-history":[{"count":3,"href":"https:\/\/magazinehaitiespoir.site\/fr\/wp-json\/wp\/v2\/pages\/623\/revisions"}],"predecessor-version":[{"id":631,"href":"https:\/\/magazinehaitiespoir.site\/fr\/wp-json\/wp\/v2\/pages\/623\/revisions\/631"}],"wp:featuredmedia":[{"embeddable":true,"href":"https:\/\/magazinehaitiespoir.site\/fr\/wp-json\/wp\/v2\/media\/526"}],"wp:attachment":[{"href":"https:\/\/magazinehaitiespoir.site\/fr\/wp-json\/wp\/v2\/media?parent=623"}],"curies":[{"name":"wp","href":"https:\/\/api.w.org\/{rel}","templated":true}]}}