{"id":664,"date":"2026-02-28T06:46:18","date_gmt":"2026-02-28T06:46:18","guid":{"rendered":"https:\/\/magazinehaitiespoir.site\/?page_id=664"},"modified":"2026-02-28T06:55:02","modified_gmt":"2026-02-28T06:55:02","slug":"editorial-2","status":"publish","type":"page","link":"https:\/\/magazinehaitiespoir.site\/fr\/editorial-2\/","title":{"rendered":"\u00c9DITORIAL"},"content":{"rendered":"<h2 class=\"wp-block-heading\"><strong>PORT-AU-PRINCE: MOURIR POUR MIEUX RENA\u00ceTRE!<\/strong><\/h2>\n\n\n\n<div class=\"wp-block-group is-layout-constrained wp-block-group-is-layout-constrained\">\n<p class=\"wp-block-paragraph\"><strong>D<\/strong>epuis plusieurs semaines, les forces publiques ha\u00eftiennes m\u00e8nent une lutte acharn\u00e9e \u00e0 la capitale pour d\u00e9loger les bandes arm\u00e9es des zones qu&#8217;elles occupent au Centre-ville. Gr\u00e2ce aux r\u00e9centes frappes de drones kamikazes, \u00e0 l\u2019avanc\u00e9e des v\u00e9hicules blind\u00e9s et aux combats de rues dans ces quartiers hors la loi, on observe un recul, dont on ignore s\u2019il est strat\u00e9gique, des groupes arm\u00e9s ill\u00e9gaux face aux forces de l\u2019ordre. Cela a permis la r\u00e9ouverture de certains axes routiers et une timide reprise des activit\u00e9s commerciales \u00e0 l\u2019angle de l\u2019autoroute de Delmas et du boulevard de l\u2019A\u00e9roport.<\/p>\n\n\n\n<p class=\"wp-block-paragraph\">Un bref passage \u00e0 travers ces art\u00e8res momentan\u00e9ment d\u00e9gag\u00e9es nous a permis d\u2019\u00eatre t\u00e9moins oculaires de d\u00e9vastations si immenses que toute r\u00e9paration ou rafistolage semble \u00e0 la fois impossible et inutile. Le monstre paraissait anim\u00e9 d\u2019un dessein inavouable. Tous les \u00e9difices publics, les entreprises commerciales et industrielles, les \u00e9coles, les \u00e9glises, les habitations, les toits en b\u00e9ton ou en bois ont \u00e9t\u00e9 ras\u00e9s, bris\u00e9s ou incendi\u00e9s. Rien de ce qui tient debout n\u2019a \u00e9t\u00e9 \u00e9pargn\u00e9 ! On n\u2019en croirait pas ses yeux !<br>Ces destructions syst\u00e9matiques ont r\u00e9duit le centre commercial, culturel et administratif de la capitale ha\u00eftienne en un amas de ruines totales. On s\u2019interroge, stup\u00e9faits : combien d\u2019<em>Attila<\/em> et de <em>Gengis Khan<\/em> se sont abattus sur Port-au-Prince ? Et dans quel but ? Qui aurait pu imaginer que des Ha\u00eftiens infligeraient une telle trag\u00e9die \u00e0 leur propre ville, \u00e0 leurs concitoyens, \u00e0 leur pays ? Ces \u00e9v\u00e9nements extraordinaires alimentent les th\u00e9ories du complot. Si des complots ont \u00e9t\u00e9 ourdis, alors ils nous ont bien dup\u00e9s. Avouons-nous donc vaincus ! Peu importe ! L\u2019heure n\u2019est plus aux accusations, mais \u00e0 la r\u00e9paration des d\u00e9g\u00e2ts caus\u00e9s !<\/p>\n\n\n\n<p class=\"wp-block-paragraph\">Le s\u00e9isme d\u00e9vastateur du 12 janvier 2010, qui avait co\u00fbt\u00e9 la vie \u00e0 pr\u00e8s d\u2019un demi-million de personnes, aurait pu offrir aux autorit\u00e9s une chance unique de reconstruire une capitale moderne. Mais, comme toujours, elles s\u2019en sont d\u00e9sint\u00e9ress\u00e9es. Plut\u00f4t que de saisir cette opportunit\u00e9, elles ont laiss\u00e9 les habitants reb\u00e2tir des taudis encore plus pr\u00e9caires sur les ruines. En 2026, la coalition arm\u00e9e appel\u00e9e Viv Ansanm a achev\u00e9, consciemment ou non, la destruction commenc\u00e9e par le tremblement de terre.<\/p>\n\n\n\n<p class=\"wp-block-paragraph\">Demain, dans cette commune fant\u00f4me, la circulation pourra bien reprendre, les poches de bandits nettoy\u00e9es, mais la r\u00e9alit\u00e9 restera inchang\u00e9e : Port-au-Prince ne pourra pas \u00eatre r\u00e9par\u00e9e \u00e0 moiti\u00e9. La m\u00e9tastase est trop profonde, infiltrant les cellules, tissus, organes, syst\u00e8mes, et l\u2019organisme m\u00eame de la capitale. Il est d\u00e9sormais crucial de la reconstruire totalement, sur des bases nouvelles, en ce lieu id\u00e9alement situ\u00e9 au bord du calme et paisible golfe de la Gon\u00e2ve.<\/p>\n\n\n\n<p class=\"wp-block-paragraph\">L\u2019urgence exige la c\u00e9l\u00e9rit\u00e9. Les appels d\u2019offres internationaux auraient d\u00fb \u00eatre lanc\u00e9s et les concessions attribu\u00e9es d\u00e8s 2010 ! Port-au-Prince est la capitale la plus en retard, la plus d\u00e9grad\u00e9e des Am\u00e9riques. Gr\u00e2ce aux avanc\u00e9es technologiques et \u00e0 l\u2019architecture urbaine postmoderne disponibles aujourd\u2019hui, elle pourrait devenir l\u2019une des plus grandes villes du monde.<\/p>\n\n\n\n<p class=\"wp-block-paragraph\">Mais qui remportera ces appels d\u2019offres ? Qui se partagera les contrats et concessions pour les travaux et services publics ? Elon Musk ? Le prince Charles ? La China State Construction Engineering Corporation (CSCEC) ? Il y aura de la place pour tous, chacun selon sa sp\u00e9cialit\u00e9 !<\/p>\n\n\n\n<p class=\"wp-block-paragraph\"><\/p>\n<\/div>\n\n\n\n<div class=\"wp-block-group is-layout-constrained wp-block-group-is-layout-constrained\">\n<h5 class=\"wp-block-heading\"><strong>Me. Jean H\u00e9noc Faroul, M.A<\/strong><\/h5>\n\n\n\n<div class=\"wp-block-group is-layout-constrained wp-block-group-is-layout-constrained\">\n<ul class=\"wp-block-list\">\n<li><strong>Maitre en Droit\/Relations Internationales,<\/strong><\/li>\n\n\n\n<li><strong>Licenci\u00e9 en Droit,<\/strong><\/li>\n\n\n\n<li><strong>Licenci\u00e9 en Communication Sociale,<\/strong><\/li>\n\n\n\n<li><strong>Certifi\u00e9 en Administration Publique,<\/strong><\/li>\n<\/ul>\n\n\n\n<ul class=\"wp-block-list\">\n<li><strong>Certifi\u00e9 en Droits Humains (Universit\u00e9 du Pays Basque, Espagne),<\/strong><\/li>\n\n\n\n<li><strong>Journaliste de carri\u00e8re,<\/strong><\/li>\n\n\n\n<li><strong>Ancien fonctionnaire de l\u2019ONU,<\/strong><\/li>\n\n\n\n<li><strong>Ancien cadre du Programme d\u2019Appui aux Partis Politiques du National Democratic Institute (NDI<\/strong><\/li>\n<\/ul>\n<\/div>\n<\/div>\n\n\n\n<p class=\"wp-block-paragraph\"><\/p>","protected":false},"excerpt":{"rendered":"<p>L\u2019Avenue Jean-Jacques Dessalines, l\u2019art\u00e8re principale d\u2019Ha\u00efti<\/p>","protected":false},"author":1,"featured_media":665,"parent":0,"menu_order":0,"comment_status":"closed","ping_status":"closed","template":"","meta":{"give_campaign_id":0,"colormag_page_container_layout":"default_layout","colormag_page_sidebar_layout":"default_layout","_crdt_document":"","om_disable_all_campaigns":false,"_monsterinsights_skip_tracking":false,"_monsterinsights_sitenote_active":false,"_monsterinsights_sitenote_note":"","_monsterinsights_sitenote_category":0,"_uf_show_specific_survey":0,"_uf_disable_surveys":false,"footnotes":""},"class_list":["post-664","page","type-page","status-publish","has-post-thumbnail","hentry"],"aioseo_notices":[],"campaignId":"","_links":{"self":[{"href":"https:\/\/magazinehaitiespoir.site\/fr\/wp-json\/wp\/v2\/pages\/664","targetHints":{"allow":["GET"]}}],"collection":[{"href":"https:\/\/magazinehaitiespoir.site\/fr\/wp-json\/wp\/v2\/pages"}],"about":[{"href":"https:\/\/magazinehaitiespoir.site\/fr\/wp-json\/wp\/v2\/types\/page"}],"author":[{"embeddable":true,"href":"https:\/\/magazinehaitiespoir.site\/fr\/wp-json\/wp\/v2\/users\/1"}],"replies":[{"embeddable":true,"href":"https:\/\/magazinehaitiespoir.site\/fr\/wp-json\/wp\/v2\/comments?post=664"}],"version-history":[{"count":7,"href":"https:\/\/magazinehaitiespoir.site\/fr\/wp-json\/wp\/v2\/pages\/664\/revisions"}],"predecessor-version":[{"id":677,"href":"https:\/\/magazinehaitiespoir.site\/fr\/wp-json\/wp\/v2\/pages\/664\/revisions\/677"}],"wp:featuredmedia":[{"embeddable":true,"href":"https:\/\/magazinehaitiespoir.site\/fr\/wp-json\/wp\/v2\/media\/665"}],"wp:attachment":[{"href":"https:\/\/magazinehaitiespoir.site\/fr\/wp-json\/wp\/v2\/media?parent=664"}],"curies":[{"name":"wp","href":"https:\/\/api.w.org\/{rel}","templated":true}]}}