{"id":719,"date":"2026-03-31T13:56:03","date_gmt":"2026-03-31T13:56:03","guid":{"rendered":"https:\/\/magazinehaitiespoir.site\/?page_id=719"},"modified":"2026-03-31T13:56:06","modified_gmt":"2026-03-31T13:56:06","slug":"editorial-3","status":"publish","type":"page","link":"https:\/\/magazinehaitiespoir.site\/fr\/editorial-3\/","title":{"rendered":"\u00c9DITORIAL"},"content":{"rendered":"<div class=\"wp-block-group is-layout-constrained wp-block-group-is-layout-constrained\">\n<p class=\"wp-block-paragraph\"><strong>LA CHARRUE \u00c9LECTORALE ET LES BOEUFS DE LA CONSTITUTION!<\/strong><strong><\/strong><\/p>\n\n\n\n<p class=\"wp-block-paragraph\">Le 29 mars 2026 marque le 39e anniversaire de la Constitution ha\u00eftienne, une date qui ravive une vive controverse : sous quelle Constitution les prochaines \u00e9lections, attendues depuis une dizaine d\u2019ann\u00e9es, seront-elles organis\u00e9es ? Cette question fondamentale reste, \u00e0 ce jour, sans r\u00e9ponse consensuelle ni d\u00e9finitive. Dans la soci\u00e9t\u00e9 ha\u00eftienne, certains acteurs politiques poussent \u00e0 agir rapidement, tandis que d\u2019autres souhaitent r\u00e9gler une fois pour toutes cette probl\u00e9matique constitutionnelle. Ne pas pr\u00e9cipiter les \u00e9lections avant de clarifier le cadre constitutionnel serait une sage mani\u00e8re d\u2019\u00e9viter de reproduire les m\u00eames erreurs du pass\u00e9.<\/p>\n\n\n\n<p class=\"wp-block-paragraph\">En fait, une Constitution n\u2019est autre qu\u2019une superstructure juridico-politique refl\u00e9tant l\u2019infrastructure socio-\u00e9conomique en cours dans une soci\u00e9t\u00e9 humaine. De ce fait, elle prend en compte de temps \u00e0 autre les r\u00e9alit\u00e9s politiques et socio-culturelles d\u2019une \u00e9poque donn\u00e9e. Notre loi-m\u00e8re est \u00e0 bout de souffle&nbsp;; elle est comme un gourdin qui ne tient plus le vin. Initialement con\u00e7ue comme un instrument de modernisation du pays et un garde-fou d\u00e9mocratique apr\u00e8s 30 ans de dictature, trop calqu\u00e9 sur le mod\u00e8le occidental. A part ce p\u00e9ch\u00e9 originel, on doit en toute objectivit\u00e9 admettre que sa mise en \u0153uvre n\u2019aura somme toute \u00e9t\u00e9 que partielle.<\/p>\n\n\n\n<p class=\"wp-block-paragraph\">Au demeurant, cette panac\u00e9e \u00e0 nos maux, n\u2019a pas \u00e9t\u00e9 \u00e9pargn\u00e9e par l\u2019usure du temps. Au point que le Pr\u00e9sident de la R\u00e9publique Boniface Alexandre eut \u00e0 dire r\u00e9cemment&nbsp;:&lt;&lt; <em>La constitution est le plus grand probl\u00e8me du pays&nbsp;<\/em>!&gt;&gt; Qu\u2019elle soit, tout au plus, une source d\u2019instabilit\u00e9 politique, ne se discute presque plus. Cependant, loin de toute suppression ou abrogation, une l\u00e9g\u00e8re modification devrait \u00eatre le fruit d\u2019un consensus, dans cette conjoncture \u00e9lectoraliste. Sur l\u2019in\u00e9vitable r\u00e9forme constitutionnelle p\u00e8seraient d\u00e9j\u00e0 deux choses&nbsp;:<\/p>\n\n\n\n<p class=\"wp-block-paragraph\">&#8211; des int\u00e9r\u00eats politiques aux prises avec une course \u00e0 la montre&nbsp;\u00e9lectoraliste;<\/p>\n\n\n\n<p class=\"wp-block-paragraph\">&#8211; une certaine suspicion de prorogation d\u2019un mandat d\u00e9j\u00e0 sans dur\u00e9e pr\u00e9cise.<\/p>\n\n\n\n<p class=\"wp-block-paragraph\">Pourtant, le <em>Pacte National pour la Stabilit\u00e9 et l\u2019Organisation des Elections<\/em>, endoss\u00e9 par plus de 250 partis politiques et organisations de la soci\u00e9t\u00e9 civile, s\u2019av\u00e8re tr\u00e8s clair sur le sujet, en son sa <em>section 5<\/em> traitant du renforcement institutionnel.<\/p>\n\n\n\n<p class=\"wp-block-paragraph\"><strong>Que dit le \u2018\u2019Pacte National pour la Stabilit\u00e9 et l\u2019Organisation des Elections\u2019\u2019&nbsp;?<\/strong><strong><\/strong><\/p>\n\n\n\n<p class=\"wp-block-paragraph\">Ce Pacte, pr\u00e9voit les actions suivantes&nbsp;:&nbsp;<\/p>\n\n\n\n<p class=\"wp-block-paragraph\">&nbsp;&nbsp;&nbsp;&nbsp;&nbsp;&nbsp;&nbsp;&nbsp;&nbsp;&nbsp;&nbsp;&nbsp;&nbsp;&nbsp;&nbsp;&nbsp; &#8211; Un nombre limit\u00e9 de changements dans la loi-m\u00e8re&nbsp;;<\/p>\n\n\n\n<p class=\"wp-block-paragraph\">&#8211; Une d\u00e9marche consensuelle sur la modalit\u00e9 de la mise en oeuvre de ces changements&nbsp;;<\/p>\n\n\n\n<p class=\"wp-block-paragraph\">&nbsp;&nbsp;&nbsp;&nbsp;&nbsp;&nbsp;&nbsp;&nbsp;&nbsp;&nbsp;&nbsp;&nbsp;&nbsp;&nbsp;&nbsp;&nbsp; &#8211; La soumission de ces changements \u00e0 la ratification populaire.<\/p>\n\n\n\n<p class=\"wp-block-paragraph\">&nbsp;&nbsp;&nbsp;&nbsp;&nbsp;&nbsp;&nbsp;&nbsp;&nbsp;&nbsp;&nbsp;&nbsp;&nbsp;&nbsp;&nbsp;&nbsp; (NB. M\u00eame si ce n\u2019est pas au 1<sup>er<\/sup> tour des \u00e9lections).<\/p>\n\n\n\n<p class=\"wp-block-paragraph\"><strong><em>&nbsp;&nbsp;&nbsp;&nbsp;&nbsp;&nbsp;&nbsp;&nbsp;&nbsp;&nbsp;&nbsp;&nbsp;&nbsp;&nbsp;&nbsp;&nbsp;&nbsp;&nbsp;&nbsp;&nbsp;&nbsp;&nbsp;&nbsp; &lt;&lt; Section 5, renforcement institutionnel. <\/em><\/strong><em><\/em><\/p>\n\n\n\n<p class=\"wp-block-paragraph\"><strong><em>Article 12. <\/em><\/strong><em>Les partis signataires conviennent de proposer en cette p\u00e9riode d&#8217;exception <u>un nombre limit\u00e9 de changements dans la loi m\u00e8re<\/u>, la loi m\u00e8re la base de consensus d\u00e9gag\u00e9 dans la soci\u00e9t\u00e9 pour am\u00e9liorer la gouvernance et garantir un fonctionnement harmonieux de l&#8217;appareil d&#8217;\u00c9tat. <\/em><em><\/em><\/p>\n\n\n\n<p class=\"wp-block-paragraph\"><strong><em>Article 13. <\/em><\/strong><em><u>Les modalit\u00e9s de mise en \u0153uvre des changements susmentionn\u00e9s seront d\u00e9termin\u00e9es en concertation entre le pouvoir en place et les forces vives du pays<\/u><\/em><em> signataires ou non signataires du pr\u00e9sent pacte. <\/em><em><\/em><\/p>\n\n\n\n<p class=\"wp-block-paragraph\"><strong><em>Article 14. <\/em><\/strong><em><u>Ces changements seront obligatoirement soumis \u00e0 la ratification populaire<\/u><\/em><em> lors du premier tour des prochaines \u00e9lections. En cas de vote favorable \u00e0 ces changements, le gouvernement int\u00e9rimaire prendra des dispositions pour les rendre ex\u00e9cutoires. <\/em><em><\/em><\/p>\n\n\n\n<p class=\"wp-block-paragraph\">De par sa l\u00e9gitimit\u00e9 reposant sur un tr\u00e8s large \u00e9ventail de groupes sociaux, le <em>Pacte National pour la Stabilit\u00e9 et l\u2019Organisation des Elections<\/em> peut servir de r\u00e9f\u00e9rence juridique pour la prise des plus grandes d\u00e9cisions concernant la Nation, en cette p\u00e9riode d\u2019exception marqu\u00e9e par l\u2019absence de parlement. Et de ce fait, il a pr\u00e9s\u00e9ance sur le D\u00e9cret \u00e9lectoral du 20 Septembre 2024 nommant un nouveau Conseil Electoral Provisoire (CEP). Or, le CEP s\u2019est engag\u00e9 dans la mise en \u0153uvre automatique du d\u00e9cret \u00e9lectoral et d\u2019un calendrier \u00e9lectoral, contredisant ainsi les articles 12 \u00e0 15 du Pacte. &nbsp;<\/p>\n\n\n\n<p class=\"wp-block-paragraph\">D\u00e9j\u00e0 dans l\u2019opinion publique, s\u2019agitent les id\u00e9es de&nbsp;:<\/p>\n\n\n\n<ul class=\"wp-block-list\">\n<li>modification du calendrier \u00e9lectoral\u00a0;<\/li>\n\n\n\n<li>modification du d\u00e9cret \u00e9lectoral\u00a0;<\/li>\n\n\n\n<li>r\u00e9pl\u00e2trage du CEP\u00a0;<\/li>\n\n\n\n<li>concertation avec les forces vives de la Nation.\u00a0 \u00a0<\/li>\n<\/ul>\n\n\n\n<p class=\"wp-block-paragraph\">Le Pr\u00e9sident du Conseil des Ministres, Alix Didier Fils-Aim\u00e9, a eu r\u00e9cemment des rencontres avec le CEP et&nbsp; l\u2019Office National d\u2019Identification (ONI) pour s\u2019\u00e9difier sur la situation et prendre les mesures idoines qui s\u2019imposent&nbsp;?&nbsp;Lesquelles mesures n\u2019ont-elles pas d\u00e9j\u00e0 obtenu l\u2019adh\u00e9sion des signataires du Pacte, la communaut\u00e9 internationale et les gens de bonne volont\u00e9&nbsp;? Les dirigeants de ces deux institutions centrales dans l\u2019organisation des \u00e9lections, ont-ils bien compris les d\u00e9marches de M. Fils-Aim\u00e9&nbsp;? Tout compte fait, ce dernier a besoin d\u2019une interface, un connaisseur pour faire les \u00e9changes et les interactions entre son Gouvernement, le CEP, l\u2019ONI, la classe politique, la soci\u00e9t\u00e9 civile organis\u00e9e et la communaut\u00e9 internationale dans son ensemble.<\/p>\n\n\n\n<p class=\"wp-block-paragraph\"><strong>Jean H\u00e9noc Faroul<\/strong><\/p>\n\n\n\n<p class=\"wp-block-paragraph\"><em><strong>Expert \u00e9lectoral<\/strong><\/em><\/p>\n\n\n\n<p class=\"wp-block-paragraph\"><em><strong>Ancien Pr\u00e9sident de Bureau Electoral D\u00e9partemental (BED)<\/strong><\/em><\/p>\n\n\n\n<p class=\"wp-block-paragraph\"><em><strong>Ancien candidat<\/strong><\/em><\/p>\n\n\n\n<p class=\"wp-block-paragraph\"><em><strong>Ancien Cadre du Programme d\u2019Appui aux Partis Politiques au National D\u00e9mocratic Institute (NDI)<\/strong><\/em><\/p>\n\n\n\n<p class=\"wp-block-paragraph\"><em><strong>R\u00e9alisateur des \u00e9missions \u00e9lectorales sur Minustah FM, la Radio de l\u2019ONU en Haiti, de 2009 \u00e0 2017<\/strong><\/em><\/p>\n\n\n\n<p class=\"wp-block-paragraph\"><em><strong>Auteur de l\u2019ouvrage scientifique \u2018\u2019Comment Remporter Une Comp\u00e9tition Electorale\u00a0: Une Application des Th\u00e9ories de la Motivation\u2019\u2019<\/strong><\/em><\/p>\n<\/div>","protected":false},"excerpt":{"rendered":"<p>LA CHARRUE \u00c9LECTORALE ET LES BOEUFS DE LA CONSTITUTION! Le 29 mars 2026 marque le 39e anniversaire de la Constitution<\/p>","protected":false},"author":1,"featured_media":0,"parent":0,"menu_order":0,"comment_status":"closed","ping_status":"closed","template":"","meta":{"give_campaign_id":0,"colormag_page_container_layout":"default_layout","colormag_page_sidebar_layout":"default_layout","_crdt_document":"","om_disable_all_campaigns":false,"_monsterinsights_skip_tracking":false,"_monsterinsights_sitenote_active":false,"_monsterinsights_sitenote_note":"","_monsterinsights_sitenote_category":0,"_uf_show_specific_survey":0,"_uf_disable_surveys":false,"footnotes":""},"class_list":["post-719","page","type-page","status-publish","hentry"],"aioseo_notices":[],"campaignId":"","_links":{"self":[{"href":"https:\/\/magazinehaitiespoir.site\/fr\/wp-json\/wp\/v2\/pages\/719","targetHints":{"allow":["GET"]}}],"collection":[{"href":"https:\/\/magazinehaitiespoir.site\/fr\/wp-json\/wp\/v2\/pages"}],"about":[{"href":"https:\/\/magazinehaitiespoir.site\/fr\/wp-json\/wp\/v2\/types\/page"}],"author":[{"embeddable":true,"href":"https:\/\/magazinehaitiespoir.site\/fr\/wp-json\/wp\/v2\/users\/1"}],"replies":[{"embeddable":true,"href":"https:\/\/magazinehaitiespoir.site\/fr\/wp-json\/wp\/v2\/comments?post=719"}],"version-history":[{"count":1,"href":"https:\/\/magazinehaitiespoir.site\/fr\/wp-json\/wp\/v2\/pages\/719\/revisions"}],"predecessor-version":[{"id":721,"href":"https:\/\/magazinehaitiespoir.site\/fr\/wp-json\/wp\/v2\/pages\/719\/revisions\/721"}],"wp:attachment":[{"href":"https:\/\/magazinehaitiespoir.site\/fr\/wp-json\/wp\/v2\/media?parent=719"}],"curies":[{"name":"wp","href":"https:\/\/api.w.org\/{rel}","templated":true}]}}