{"id":736,"date":"2026-04-06T23:59:21","date_gmt":"2026-04-06T23:59:21","guid":{"rendered":"https:\/\/magazinehaitiespoir.site\/?page_id=736"},"modified":"2026-04-06T23:59:23","modified_gmt":"2026-04-06T23:59:23","slug":"editorial-4","status":"publish","type":"page","link":"https:\/\/magazinehaitiespoir.site\/fr\/editorial-4\/","title":{"rendered":"\u00c9DITORIAL"},"content":{"rendered":"<p class=\"wp-block-paragraph\"><strong>Ha\u00efti\/Hausse des Prix du Carburant<\/strong>.<\/p>\n\n\n\n<p class=\"wp-block-paragraph\"><strong>GARDONS NOTRE CALME! <\/strong><strong><\/strong><\/p>\n\n\n\n<p class=\"wp-block-paragraph\"><strong>E<\/strong>n raison de&nbsp; la guerre aux proche et moyen Orients, qui a rompu les cha\u00eenes d\u2019approvisionnement en carburant et provoqu\u00e9 des tensions sur le march\u00e9 de l\u2019\u00e9nergie au niveau mondial, comme on pouvait s\u2019y attendre, les prix des produits p\u00e9troliers ont \u00e9t\u00e9 r\u00e9vis\u00e9s \u00e0 la hausse en Ha\u00efti. Selon un avis conjoint du <em>Minist\u00e8re de l\u2019\u00c9conomie et&nbsp; des Finances<\/em> et le <em>Minist\u00e8re du Commerce et de l\u2019Industrie<\/em>,&nbsp; le r\u00e9ajustement dans les anciens prix \u00e0 la pompe de Septembre 2022, se pr\u00e9sente ainsi, \u00e0 partir du 2 Avril 2026&nbsp;: &nbsp;<\/p>\n\n\n\n<p class=\"wp-block-paragraph\"><strong><em>Gazoline<\/em><\/strong>: &nbsp;725 Gourdes le gallon, au lieu de 560 Gourdes;<\/p>\n\n\n\n<p class=\"wp-block-paragraph\"><strong>Diesel<\/strong>:&nbsp;&nbsp;&nbsp;&nbsp; &nbsp;&nbsp;850 Gourdes le gallon, au lieu de 620 Gourdes; et<\/p>\n\n\n\n<p class=\"wp-block-paragraph\"><strong>K\u00e9ros\u00e8ne<\/strong>: 845 Gourdes le gallon, au lieu de 615 Gourdes.<\/p>\n\n\n\n<p class=\"wp-block-paragraph\">Par effet d\u2019entra\u00eenement, cette hausse se r\u00e9percutera sur les tarifs des transports de personnes et de marchandises, les produits alimentaires, et tous les produits de consommation courante.<\/p>\n\n\n\n<p class=\"wp-block-paragraph\">En Juillet 2018, sous la Pr\u00e9sidence de feu Jovenel Mo\u00efse, une moindre hausse des prix des produits p\u00e9troliers, avait entrain\u00e9 des \u00e9meutes ayant bloqu\u00e9 le pays pendant pr\u00e8s de 2 mois. Par contre, tout \u00e9tait rest\u00e9 plut\u00f4t calme des ann\u00e9es plus tard, en Septembre 2022, quand le Premier Ministre- Pr\u00e9sident Ariel Henri avait supprim\u00e9 la subvention des produits p\u00e9troliers&nbsp;; ce qui avait caus\u00e9 une augmentation de plus de 100% des prix \u00e0 la pompe. Le gallon de gazoline, par exemple, passa subitement de 250 Gourdes \u00e0 570 Gourdes. Le peuple ha\u00eftien, plus \u00e9motif que rationnel, r\u00e9agit donc suivant les circonstances et son humeur.&nbsp; &nbsp;&nbsp;&nbsp;<\/p>\n\n\n\n<p class=\"wp-block-paragraph\">Cette augmentation des prix de l\u2019essence, repr\u00e9sente un coup dur pour la population ha\u00eftienne qui fait face pr\u00e9sentement \u00e0 toutes les adversit\u00e9s&nbsp;:<\/p>\n\n\n\n<ul class=\"wp-block-list\">\n<li>Une ins\u00e9curit\u00e9 qui, \u00e0 tout bout de champ, tue des \u00a0milliers et chasse des millions de leurs demeures\u00a0;<\/li>\n\n\n\n<li>Une \u00e9conomie d\u00e9j\u00e0 moribonde, se trouvant affect\u00e9e par les destructions des entreprises commerciales et industrielles, la coupure des axes routiers, et la perturbation des voies maritimes et a\u00e9riennes.<\/li>\n<\/ul>\n\n\n\n<p class=\"wp-block-paragraph\">D\u00e9j\u00e0 insupportable, la douleur s\u2019en trouvera donc aggrav\u00e9e&nbsp;!<\/p>\n\n\n\n<p class=\"wp-block-paragraph\">En toute logique, on ne saurait imputer ce d\u00e9sastre \u00e0 la gouvernance de l\u2019actuel Pr\u00e9sident du Conseil des Ministres, M. Alix Didier Fils-Aim\u00e9. Dieu seul sait s\u2019il y avait un moyen d\u2019\u00e9viter cette hausse inopportune des prix du carburant en Ha\u00efti. Cependant, il pourrait constituer une cause occasionnelle d\u2019une certaine grogne qui couvait d\u00e9j\u00e0. Une sorte de derni\u00e8re goutte d\u2019eau \u00e0 faire d\u00e9border le vase.&nbsp;&nbsp;&nbsp;<\/p>\n\n\n\n<p class=\"wp-block-paragraph\">Pour \u00e9viter tout d\u00e9rapage, des mesures d\u2019accompagnement s\u2019av\u00e8rent n\u00e9cessaires afin de prot\u00e9ger les filets sociaux ou mesures de protection sociale, m\u00eame si cela provoque un peu d\u2019inflation.&nbsp;<\/p>\n\n\n\n<p class=\"wp-block-paragraph\">On dit toujours qu\u2019en Ha\u00efti seuls les drapeaux montent pour redescendre&nbsp;: en d\u2019autres termes, les prix ne baissent jamais quand se dissipent les causes de leur hausse!&nbsp; Si on ne doit pas s\u2019en prendre au Gouvernement pour une situation qu\u2019il n\u2019aura pas cr\u00e9\u00e9e&nbsp;; du moins, il sied bien de donner aux gens la garantie que les prix seront r\u00e9tablis une fois la situation redevenue \u00e0 la normale. Mais on sait d\u00e9j\u00e0 que ce ne sera pas pour demain, car les destructions sur les infrastructures p\u00e9troli\u00e8res ou gazi\u00e8res de la r\u00e9gion arabo-persique par les missiles et autres drones isra\u00e9liens, \u00e9tatsuniens et iraniens, prendront du temps pour \u00eatre r\u00e9par\u00e9es\u2026&nbsp;&nbsp;<\/p>\n\n\n\n<p class=\"wp-block-paragraph\"><strong>Jean H\u00e9noc Faroul<\/strong><\/p>\n\n\n\n<p class=\"wp-block-paragraph\"><\/p>","protected":false},"excerpt":{"rendered":"<p>Ha\u00efti\/Hausse des Prix du Carburant. GARDONS NOTRE CALME! En raison de&nbsp; la guerre aux proche et moyen Orients, qui a<\/p>","protected":false},"author":1,"featured_media":737,"parent":0,"menu_order":0,"comment_status":"closed","ping_status":"closed","template":"","meta":{"give_campaign_id":0,"colormag_page_container_layout":"default_layout","colormag_page_sidebar_layout":"default_layout","_crdt_document":"","om_disable_all_campaigns":false,"_monsterinsights_skip_tracking":false,"_monsterinsights_sitenote_active":false,"_monsterinsights_sitenote_note":"","_monsterinsights_sitenote_category":0,"_uf_show_specific_survey":0,"_uf_disable_surveys":false,"footnotes":""},"class_list":["post-736","page","type-page","status-publish","has-post-thumbnail","hentry"],"aioseo_notices":[],"campaignId":"","_links":{"self":[{"href":"https:\/\/magazinehaitiespoir.site\/fr\/wp-json\/wp\/v2\/pages\/736","targetHints":{"allow":["GET"]}}],"collection":[{"href":"https:\/\/magazinehaitiespoir.site\/fr\/wp-json\/wp\/v2\/pages"}],"about":[{"href":"https:\/\/magazinehaitiespoir.site\/fr\/wp-json\/wp\/v2\/types\/page"}],"author":[{"embeddable":true,"href":"https:\/\/magazinehaitiespoir.site\/fr\/wp-json\/wp\/v2\/users\/1"}],"replies":[{"embeddable":true,"href":"https:\/\/magazinehaitiespoir.site\/fr\/wp-json\/wp\/v2\/comments?post=736"}],"version-history":[{"count":1,"href":"https:\/\/magazinehaitiespoir.site\/fr\/wp-json\/wp\/v2\/pages\/736\/revisions"}],"predecessor-version":[{"id":739,"href":"https:\/\/magazinehaitiespoir.site\/fr\/wp-json\/wp\/v2\/pages\/736\/revisions\/739"}],"wp:featuredmedia":[{"embeddable":true,"href":"https:\/\/magazinehaitiespoir.site\/fr\/wp-json\/wp\/v2\/media\/737"}],"wp:attachment":[{"href":"https:\/\/magazinehaitiespoir.site\/fr\/wp-json\/wp\/v2\/media?parent=736"}],"curies":[{"name":"wp","href":"https:\/\/api.w.org\/{rel}","templated":true}]}}